{"id":128,"date":"2015-01-28T20:42:48","date_gmt":"2015-01-28T20:42:48","guid":{"rendered":"https:\/\/www.kulturforum-mwest.de\/K\/?page_id=128"},"modified":"2019-03-18T18:33:17","modified_gmt":"2019-03-18T18:33:17","slug":"archiv-jahre","status":"publish","type":"page","link":"https:\/\/kulturforum-mwest.de\/1.0\/K\/archiv-jahre\/","title":{"rendered":"R\u00fcckblick"},"content":{"rendered":"<p><a href=\"https:\/\/www.kulturforum-mwest.de\/K\/category\/jahr\/2019\/\">2019 <img loading=\"lazy\" class=\"alignnone size-full wp-image-3982\" src=\"https:\/\/www.kulturforum-mwest.de\/1.0\/K\/wp-content\/uploads\/2018\/10\/181125-gerum-caravaggio-120.jpg\" alt=\"\" width=\"120\" height=\"120\" \/> Jahresr\u00fcckblick<\/a><\/p>\n<p><a href=\"https:\/\/www.kulturforum-mwest.de\/K\/category\/jahr\/2018\/\">2018 <img loading=\"lazy\" class=\"alignnone size-full wp-image-3382\" src=\"https:\/\/www.kulturforum-mwest.de\/1.0\/K\/wp-content\/uploads\/2018\/01\/180208-schwille-spirale-120.jpg\" alt=\"\" width=\"120\" height=\"120\" \/> Jahresr\u00fcckblick<\/a><\/p>\n<p><a href=\"https:\/\/www.kulturforum-mwest.de\/K\/category\/jahr\/2017\/\">2017\u00a0<img loading=\"lazy\" class=\"alignnone size-full wp-image-2524\" src=\"https:\/\/www.kulturforum-mwest.de\/1.0\/K\/wp-content\/uploads\/2017\/03\/170708-o-a-tor-b-120-1.jpg\" alt=\"\" width=\"120\" height=\"120\" \/> Jahresr\u00fcckblick<\/a><\/p>\n<p><a href=\"https:\/\/www.kulturforum-mwest.de\/K\/category\/jahr\/2016\/\">2016\u00a0 <img loading=\"lazy\" class=\"alignnone size-full wp-image-1529\" src=\"https:\/\/www.kulturforum-mwest.de\/1.0\/K\/wp-content\/uploads\/2016\/01\/160317-suess-120.jpg\" alt=\"\" width=\"120\" height=\"120\" \/> Jahresr\u00fcckblick <\/a><\/p>\n<p><a href=\"https:\/\/www.kulturforum-mwest.de\/K\/category\/jahr\/2015\/\">2015 <img loading=\"lazy\" class=\" size-full wp-image-79 alignnone\" src=\"https:\/\/www.kulturforum-mwest.de\/1.0\/K\/wp-content\/uploads\/2015\/01\/150206-ress-01-120.jpg\" alt=\"150206-ress-01-120\" width=\"120\" height=\"120\" \/> Jahresr\u00fcckblick <\/a><\/p>\n<p><a href=\"https:\/\/www.kulturforum-mwest.de\/2014\/2014-jahr.html\">2014 <img loading=\"lazy\" class=\"alignnone wp-image-144 size-full\" src=\"http:\/\/kulturforum-mwest.de\/1.0\/K\/wp-content\/uploads\/2015\/01\/tunnelbild-120x120.jpg\" alt=\"\" width=\"120\" height=\"120\" \/> Jahresr\u00fcckblick<\/a><\/p>\n<p><a href=\"https:\/\/www.kulturforum-mwest.de\/2013\/2013-jahr.html\">2013 <img loading=\"lazy\" class=\"alignnone wp-image-163 size-full\" src=\"http:\/\/kulturforum-mwest.de\/1.0\/K\/wp-content\/uploads\/2015\/01\/jahr2013bild.jpg\" alt=\"\" width=\"150\" height=\"111\" \/> Jahresr\u00fcckblick<\/a><\/p>\n<p><a href=\"https:\/\/www.kulturforum-mwest.de\/2012\/2012-jahr.html\">2012 <img loading=\"lazy\" class=\"alignnone wp-image-164 size-full\" src=\"http:\/\/kulturforum-mwest.de\/1.0\/K\/wp-content\/uploads\/2015\/01\/120520-flossmann-kl.gif\" alt=\"\" width=\"151\" height=\"151\" \/> Jahresr\u00fcckblick<\/a><\/p>\n<p><a href=\"https:\/\/www.kulturforum-mwest.de\/2011\/2011-jahr.html\">2011 <img loading=\"lazy\" class=\"alignnone wp-image-165 size-full\" src=\"http:\/\/kulturforum-mwest.de\/1.0\/K\/wp-content\/uploads\/2015\/01\/110315-rodrian-karte-150.jpg\" alt=\"\" width=\"150\" height=\"150\" \/> Jahresr\u00fcckblick<\/a><\/p>\n<p><a href=\"https:\/\/www.kulturforum-mwest.de\/2010\/2010-jahr.html\">2010 <img loading=\"lazy\" class=\"alignnone wp-image-166 size-full\" src=\"http:\/\/kulturforum-mwest.de\/1.0\/K\/wp-content\/uploads\/2015\/01\/fluegel-pleyel-100.jpg\" alt=\"\" width=\"133\" height=\"100\" \/> Jahresr\u00fcckblick<\/a><\/p>\n<p><a href=\"https:\/\/www.kulturforum-mwest.de\/2009\/2009-jahr.html\">2009 <img loading=\"lazy\" class=\"alignnone wp-image-167 size-full\" src=\"http:\/\/kulturforum-mwest.de\/1.0\/K\/wp-content\/uploads\/2015\/01\/wende-kulturfrueh-100.jpg\" alt=\"\" width=\"136\" height=\"100\" \/> Jahresr\u00fcckblick<\/a><\/p>\n<p><a href=\"https:\/\/www.kulturforum-mwest.de\/2008\/2008-jahr.html\">2008 <img loading=\"lazy\" class=\"alignnone wp-image-168 size-full\" src=\"http:\/\/kulturforum-mwest.de\/1.0\/K\/wp-content\/uploads\/2015\/01\/guss_2.jpg\" alt=\"\" width=\"133\" height=\"100\" \/> Jahresr\u00fcckblick<\/a><\/p>\n<p><a href=\"https:\/\/www.kulturforum-mwest.de\/2007\/2007-jahr.html\">2007 Jahresr\u00fcckblick<\/a><\/p>\n<p><a href=\"https:\/\/www.kulturforum-mwest.de\/2006\/2006-jahr.html\">2006 Jahresr\u00fcckblick<\/a><\/p>\n<p><a href=\"https:\/\/www.kulturforum-mwest.de\/2005\/2005-jahr.html\">2005 Jahresr\u00fcckblick<\/a><\/p>\n<p><a title=\"Rathaus-Ausstellungen\" href=\"https:\/\/www.kulturforum-mwest.de\/K\/archiv-jahre\/rathaus-ausstellungen\/\">Die Rathaus-Ausstellungen seit 2004 <img loading=\"lazy\" class=\"alignnone wp-image-169 size-full\" src=\"https:\/\/www.kulturforum-mwest.de\/1.0\/K\/wp-content\/uploads\/2015\/01\/catsdogs_2007_150.jpg\" alt=\"\" width=\"107\" height=\"150\" \/><\/a><\/p>\n<p>&nbsp;<\/p>\n<p>&nbsp;<\/p>\n<p>&nbsp;<\/p>\n","protected":false},"excerpt":{"rendered":"<p>2019 Jahresr\u00fcckblick 2018 Jahresr\u00fcckblick 2017\u00a0 Jahresr\u00fcckblick 2016\u00a0 Jahresr\u00fcckblick 2015 Jahresr\u00fcckblick 2014 Jahresr\u00fcckblick 2013 Jahresr\u00fcckblick 2012 Jahresr\u00fcckblick 2011 Jahresr\u00fcckblick 2010 Jahresr\u00fcckblick 2009 Jahresr\u00fcckblick 2008 Jahresr\u00fcckblick 2007 Jahresr\u00fcckblick 2006 Jahresr\u00fcckblick 2005 Jahresr\u00fcckblick Die Rathaus-Ausstellungen seit 2004 &nbsp; &nbsp; &nbsp;<\/p>\n","protected":false},"author":1,"featured_media":0,"parent":0,"menu_order":0,"comment_status":"closed","ping_status":"closed","template":"","meta":[],"_links":{"self":[{"href":"https:\/\/kulturforum-mwest.de\/1.0\/K\/wp-json\/wp\/v2\/pages\/128"}],"collection":[{"href":"https:\/\/kulturforum-mwest.de\/1.0\/K\/wp-json\/wp\/v2\/pages"}],"about":[{"href":"https:\/\/kulturforum-mwest.de\/1.0\/K\/wp-json\/wp\/v2\/types\/page"}],"author":[{"embeddable":true,"href":"https:\/\/kulturforum-mwest.de\/1.0\/K\/wp-json\/wp\/v2\/users\/1"}],"replies":[{"embeddable":true,"href":"https:\/\/kulturforum-mwest.de\/1.0\/K\/wp-json\/wp\/v2\/comments?post=128"}],"version-history":[{"count":12,"href":"https:\/\/kulturforum-mwest.de\/1.0\/K\/wp-json\/wp\/v2\/pages\/128\/revisions"}],"predecessor-version":[{"id":4484,"href":"https:\/\/kulturforum-mwest.de\/1.0\/K\/wp-json\/wp\/v2\/pages\/128\/revisions\/4484"}],"wp:attachment":[{"href":"https:\/\/kulturforum-mwest.de\/1.0\/K\/wp-json\/wp\/v2\/media?parent=128"}],"curies":[{"name":"wp","href":"https:\/\/api.w.org\/{rel}","templated":true}]}}