{"id":1283,"date":"2015-10-18T12:43:14","date_gmt":"2015-10-18T12:43:14","guid":{"rendered":"https:\/\/www.kulturforum-mwest.de\/K\/?page_id=1283"},"modified":"2021-03-10T18:44:36","modified_gmt":"2021-03-10T18:44:36","slug":"rathaus-ausstellungen","status":"publish","type":"page","link":"https:\/\/kulturforum-mwest.de\/1.0\/K\/archiv-jahre\/rathaus-ausstellungen\/","title":{"rendered":"Rathaus-Ausstellungen"},"content":{"rendered":"<p><span class=\"h2\">Rathaus-Ausstellungen<\/span>, die das Kulturforum M\u00fcnchen-West organisiert und gef\u00f6rdert hat &#8211; teilweise unterst\u00fctzt vom Verein Pasinger Mariens\u00e4ule.<\/p>\n<p>&nbsp;<\/p>\n<table border=\"0\" cellspacing=\"2\" cellpadding=\"0\">\n<tbody>\n<tr>\n<td width=\"50\">01<\/td>\n<td width=\"180\">16. 03. &#8211; 15. 04 .2004<\/td>\n<td>Gabriele Huber-Thoma<\/td>\n<\/tr>\n<tr>\n<td width=\"50\">02<\/td>\n<td width=\"180\">27. 04. &#8211; 28. 05. 2004<\/td>\n<td>Monika Eckl<\/td>\n<\/tr>\n<tr>\n<td width=\"50\">03<\/td>\n<td width=\"180\">27. 07. &#8211; 27. 08. 2004<\/td>\n<td>Brigitte Voit<\/td>\n<\/tr>\n<tr>\n<td width=\"50\">04<\/td>\n<td width=\"180\">05. 04. &#8211; 29. 04. 2005<\/td>\n<td>Monika Eckl, Pasinger Kunstpreis 2004<\/td>\n<\/tr>\n<tr>\n<td width=\"50\">05<\/td>\n<td width=\"180\">18. 10. &#8211; 11. 11. 2005<\/td>\n<td>Tanja Hoffmann<\/td>\n<\/tr>\n<tr>\n<td width=\"50\">06<\/td>\n<td width=\"180\">15. 11. &#8211; 02. 12. 2005<\/td>\n<td>Christoph Kowalczyk<\/td>\n<\/tr>\n<tr>\n<td width=\"50\">07<\/td>\n<td width=\"180\">10. 01. &#8211; 10. 02. 2006<\/td>\n<td>Ellis Kaut<\/td>\n<\/tr>\n<tr>\n<td width=\"50\">08<\/td>\n<td width=\"180\">21. 02. &#8211; 28. 03. 2006<\/td>\n<td>Maphefo Thum<\/td>\n<\/tr>\n<tr>\n<td width=\"50\">09<\/td>\n<td width=\"180\">25. 04. &#8211; 24. 05. 2006<\/td>\n<td>Zeitgen\u00f6ssische Chinesische Tuschemalerei<\/td>\n<\/tr>\n<tr>\n<td width=\"50\">10<\/td>\n<td width=\"180\">30. 05. &#8211; 29. 06. 2006<\/td>\n<td>Werner Eckhardt<\/td>\n<\/tr>\n<tr>\n<td width=\"50\">11<\/td>\n<td width=\"180\">18. 07 &#8211; 08. 09. 2006<\/td>\n<td>Luzia Schneider-Breitling<\/td>\n<\/tr>\n<tr>\n<td width=\"50\">12<\/td>\n<td width=\"180\">07. 11. 06 &#8211; 03. 01. 2007<\/td>\n<td>Thobias Melle<\/td>\n<\/tr>\n<tr>\n<td width=\"50\">13<\/td>\n<td width=\"180\">09. 02. &#8211; 22. 02. 2007<\/td>\n<td>Marie Simard<\/td>\n<\/tr>\n<tr>\n<td width=\"50\">14<\/td>\n<td width=\"180\">13. 03. &#8211; 26. 04. 2007<\/td>\n<td>Gredel Warbeck\/Helmut Klug<\/td>\n<\/tr>\n<tr>\n<td width=\"50\">15<\/td>\n<td width=\"180\">03. 05. &#8211; 14. 06. 2007<\/td>\n<td>Susanne Elstner, Pasinger Kunstpreis 2006<\/td>\n<\/tr>\n<tr>\n<td width=\"50\">16<\/td>\n<td width=\"180\">19. 06. &#8211; 19. 07. 2007<\/td>\n<td>Marlies Poss, Pasinger Kunstpreis 2006<\/td>\n<\/tr>\n<tr>\n<td width=\"50\">17<\/td>\n<td width=\"180\">24. 07. &#8211; 01. 10. 2007<\/td>\n<td>Gabriele Kretner<\/td>\n<\/tr>\n<tr>\n<td width=\"50\">18<\/td>\n<td width=\"180\">09. 10. &#8211; 15. 11. 2007<\/td>\n<td>Dorothea Eckhardt<\/td>\n<\/tr>\n<tr>\n<td width=\"50\">19<\/td>\n<td width=\"180\">20. 11. 07 &#8211; 16. 01. 2008<\/td>\n<td>Ortfried Engler<\/td>\n<\/tr>\n<tr>\n<td width=\"50\">20<\/td>\n<td width=\"180\">12. 02. &#8211; 28. 03. 2008<\/td>\n<td>Ingrid Harster<\/td>\n<\/tr>\n<tr>\n<td width=\"50\">21<\/td>\n<td width=\"180\">08. 04. &#8211; 09. 05. 2008<\/td>\n<td>Leistungskurs Kunst Elsa Br\u00e4ndstr\u00f6m Gymnasium<\/td>\n<\/tr>\n<tr>\n<td width=\"50\">22<\/td>\n<td width=\"180\">03. 06. &#8211; 16. 07. 2008<\/td>\n<td>Irene Bauer-Conrad<\/td>\n<\/tr>\n<tr>\n<td width=\"50\">23<\/td>\n<td width=\"180\">22. 07. &#8211; 02. 10. 2008<\/td>\n<td>Stefan Winkler<\/td>\n<\/tr>\n<tr>\n<td width=\"50\">24<\/td>\n<td width=\"180\">21. 10. 08 &#8211; 07. 01. 2009<\/td>\n<td>Michael Golf\/Lisa Held<\/td>\n<\/tr>\n<tr>\n<td width=\"50\">25<\/td>\n<td width=\"180\">17. 02.- 29. 03. 2009<\/td>\n<td><a href=\"https:\/\/www.kulturforum-mwest.de\/2009\/090217-ress.html\">Roman Ress<\/a><\/td>\n<\/tr>\n<tr>\n<td width=\"50\">26<\/td>\n<td width=\"180\">28. 04. &#8211; 29. 05. 2009<\/td>\n<td><a href=\"https:\/\/www.kulturforum-mwest.de\/2009\/090428-mueller.html\">Erda M\u00fcller\/Had\u00e9 M\u00fcller<\/a><\/td>\n<\/tr>\n<tr>\n<td width=\"50\">27<\/td>\n<td width=\"180\">09. 06. &#8211; 09. 07. 2009<\/td>\n<td><a href=\"https:\/\/www.kulturforum-mwest.de\/2009\/090609-anderswelt.html\">Arno Toelle\/Manuela Ostadal<\/a><\/td>\n<\/tr>\n<tr>\n<td width=\"50\">28<\/td>\n<td width=\"180\">21. 07. &#8211; 15. 09. 2009<\/td>\n<td><a href=\"https:\/\/www.kulturforum-mwest.de\/2009\/090721-ott-max.html\">Maximilian Ott<\/a><\/td>\n<\/tr>\n<tr>\n<td width=\"50\">29<\/td>\n<td width=\"180\">29. 09. &#8211; 14. 11. 2009<\/td>\n<td><a href=\"https:\/\/www.kulturforum-mwest.de\/2009\/090929-vogl.html\">Familie Vogl\/ 3 Generationen<\/a><\/td>\n<\/tr>\n<tr>\n<td width=\"50\">30<\/td>\n<td width=\"180\">24. 11. 09 &#8211; 12. 01. 2010<\/td>\n<td><a href=\"https:\/\/www.kulturforum-mwest.de\/2009\/091124-exter.html\">Familie Exter\/ Bruno Kelch<\/a><\/td>\n<\/tr>\n<tr>\n<td width=\"50\">31<\/td>\n<td width=\"180\">19. 01. &#8211; 16. 03. 2010<\/td>\n<td>Klaus Behr, Pasinger Kunstpreis 2008<\/td>\n<\/tr>\n<tr>\n<td width=\"50\">32<\/td>\n<td width=\"180\">14. 04. &#8211; 07. 05. 2010<\/td>\n<td><a href=\"https:\/\/www.kulturforum-mwest.de\/2010\/100414-simon.html\">Stefanie Simon<\/a><\/td>\n<\/tr>\n<tr>\n<td width=\"50\">33<\/td>\n<td width=\"180\">18. 05. &#8211; 07. 07. 2010<\/td>\n<td><a href=\"https:\/\/www.kulturforum-mwest.de\/2010\/100519-jubilaum.html\">K\u00fcnstler im KulturforumM\u00fcnchen-West<\/a><\/td>\n<\/tr>\n<tr>\n<td width=\"50\">34<\/td>\n<td width=\"180\">27. 07. &#8211; 05. 10. 2010<\/td>\n<td><a href=\"https:\/\/www.kulturforum-mwest.de\/2010\/100728-melle-fotos.html\">Tobias Melle<\/a><\/td>\n<\/tr>\n<tr>\n<td width=\"50\">35<\/td>\n<td width=\"180\">12. 10. &#8211; 10. 11. 2010<\/td>\n<td><a href=\"https:\/\/www.kulturforum-mwest.de\/2010\/101012-drewke-fotos.html\">Angelika Drewke<\/a><\/td>\n<\/tr>\n<tr>\n<td width=\"50\">36<\/td>\n<td width=\"180\">17. 11. 10 &#8211; 12. 01. 2011<\/td>\n<td><a href=\"https:\/\/www.kulturforum-mwest.de\/2010\/101116-werkst-leiter.html\">Vier Werkstattleiter Druckgrafik KA M\u00fcnchen<\/a><\/td>\n<\/tr>\n<tr>\n<td width=\"50\">37<\/td>\n<td width=\"180\">18. 01. &#8211; 02. 03. 2011<\/td>\n<td><a href=\"https:\/\/www.kulturforum-mwest.de\/2011\/110118-fotos-karls.html\">Karlsgymnasium<\/a> P-Seminar<\/td>\n<\/tr>\n<tr>\n<td width=\"50\">38<\/td>\n<td width=\"180\">15.03. &#8211; 17. 05. 2011<\/td>\n<td><a href=\"https:\/\/www.kulturforum-mwest.de\/2011\/110315-rodrian-strauchmann.html\">Maja Rodrian \/ Went Strauchmann<\/a><\/td>\n<\/tr>\n<tr>\n<td width=\"50\">39<\/td>\n<td width=\"180\">24.05. &#8211; 05. 07. 2011<\/td>\n<td><a href=\"https:\/\/www.kulturforum-mwest.de\/2011\/110524-hack\/110524-hack.html\">Elke Hack<\/a> &#8211; Pasinger Kunstpreis 2010<\/td>\n<\/tr>\n<tr>\n<td width=\"50\">40<\/td>\n<td width=\"180\">12. 07. &#8211; 20.09. 2011<\/td>\n<td><a href=\"https:\/\/www.kulturforum-mwest.de\/2011\/110712-drexler.html\">Gabriele Drexler<\/a><\/td>\n<\/tr>\n<tr>\n<td width=\"50\">41<\/td>\n<td width=\"180\">27. 09. &#8211; 16. 11. 2011<\/td>\n<td><a href=\"https:\/\/www.kulturforum-mwest.de\/2011\/110927-reineking.html\">James Reineking<\/a><\/td>\n<\/tr>\n<tr>\n<td width=\"50\">42<\/td>\n<td width=\"180\">22. 11. 2011 &#8211; 11. 01 2012<\/td>\n<td><a href=\"https:\/\/www.kulturforum-mwest.de\/2011\/111122-collas.html\">Dola von Collas<\/a><\/td>\n<\/tr>\n<tr>\n<td width=\"50\">43<\/td>\n<td width=\"180\">07.02. &#8211; 21.03.2012<\/td>\n<td><a href=\"https:\/\/www.kulturforum-mwest.de\/2012\/120207-leiss.html\">Erna Lei\u00df<\/a><\/td>\n<\/tr>\n<tr>\n<td width=\"50\">44<\/td>\n<td width=\"180\">27.03. &#8211; 20.05.2012<\/td>\n<td><a href=\"https:\/\/www.kulturforum-mwest.de\/2012\/120327-lange.html\">R\u00fcdiger Lange<\/a><\/td>\n<\/tr>\n<tr>\n<td width=\"50\">45<\/td>\n<td width=\"180\">08.05. &#8211; 04.07.2012<\/td>\n<td><a href=\"https:\/\/www.kulturforum-mwest.de\/2012\/120507-schiffler.html\">Lothar Schiffler<\/a><\/td>\n<\/tr>\n<tr>\n<td width=\"50\">46<\/td>\n<td width=\"180\">10.07. &#8211; 26.10.2012<\/td>\n<td><a href=\"https:\/\/www.kulturforum-mwest.de\/2012\/120713-sand.html\">Wolfgang Sand<\/a> &#8211; Pasinger Kunstpreis 2010<\/td>\n<\/tr>\n<tr>\n<td width=\"50\">47<\/td>\n<td width=\"180\">08.11.2012 &#8211; 30.01.2013<\/td>\n<td><a href=\"https:\/\/www.kulturforum-mwest.de\/2012\/121107-huber-thoma.html\">Gabriele Huber-Thoma<\/a> Retrospektive<\/td>\n<\/tr>\n<tr>\n<td width=\"50\">48<\/td>\n<td width=\"180\">06.02. \u2013 08.03.2013<\/td>\n<td><a href=\"https:\/\/www.kulturforum-mwest.de\/2013\/130207-musu.html\">Remy Musu <\/a><\/td>\n<\/tr>\n<tr>\n<td width=\"50\">49<\/td>\n<td width=\"180\">14.03. \u2013 17.04.2013<\/td>\n<td><a href=\"https:\/\/www.kulturforum-mwest.de\/2013\/130314-pulver.html\">Wolfgang Pulfer<\/a><\/td>\n<\/tr>\n<tr>\n<td width=\"50\">50<\/td>\n<td width=\"180\">25.04. \u2013 11.06.2013<\/td>\n<td><a href=\"https:\/\/www.kulturforum-mwest.de\/2013\/130425-50.html\">24 K\u00fcnstler &#8211; Jubil\u00e4umsausstellung<\/a><\/td>\n<\/tr>\n<tr>\n<td width=\"50\">51<\/td>\n<td width=\"180\">20.06. \u2013 13.09.2013<\/td>\n<td><a href=\"https:\/\/www.kulturforum-mwest.de\/2013\/130620-schmitt.html\">Veit Schmitt<\/a><\/td>\n<\/tr>\n<tr>\n<td width=\"50\">52<\/td>\n<td width=\"180\">26.09. \u2013 11.11.2013<\/td>\n<td><a href=\"https:\/\/www.kulturforum-mwest.de\/2013\/130926-warbeck.html\">Gredel Warbeck<\/a><\/td>\n<\/tr>\n<tr>\n<td width=\"50\">53<\/td>\n<td width=\"180\">21.11.2013 \u2013 17.01.2014<\/td>\n<td><a href=\"https:\/\/www.kulturforum-mwest.de\/2013\/131121-rathaus-oehmann.html\">Beate Oehmann<\/a><\/td>\n<\/tr>\n<tr>\n<td width=\"50\">54<\/td>\n<td width=\"180\">23.01. \u2013 14.03.2014<\/td>\n<td><a href=\"https:\/\/www.kulturforum-mwest.de\/2014\/140124-rathaus-kouliev.html\">Mommak Kouliev<\/a><\/td>\n<\/tr>\n<tr>\n<td width=\"50\">55<\/td>\n<td width=\"180\">20.03. \u2013 09.05.2014<\/td>\n<td><a href=\"https:\/\/www.kulturforum-mwest.de\/2014\/140320-rathaus-ammersee.html\">K\u00fcnstler vom Ammersee<\/a><\/td>\n<\/tr>\n<tr>\n<td width=\"50\">56<\/td>\n<td width=\"180\">20.05. \u2013 22.08.2014<\/td>\n<td><a href=\"https:\/\/www.kulturforum-mwest.de\/2014\/140520-rathaus-zacher.html\">Rosemarie Zacher<\/a> &#8211; Pasinger Kunstpreis<\/td>\n<\/tr>\n<tr>\n<td width=\"50\">57<\/td>\n<td width=\"180\">23.09 &#8211; 14.11.2014<\/td>\n<td><a href=\"https:\/\/www.kulturforum-mwest.de\/2014\/140923-rathaus-vogl.html\">Severin Vogl <\/a><\/td>\n<\/tr>\n<tr>\n<td width=\"50\">58<\/td>\n<td width=\"180\">20.11.2014 \u2013 15.01.2015<\/td>\n<td><a href=\"https:\/\/www.kulturforum-mwest.de\/2014\/141121-rath-frick.html\">Martina Frick <\/a><\/td>\n<\/tr>\n<tr>\n<td width=\"50\">59<\/td>\n<td width=\"180\">05.02. \u2013 12.03.2015<\/td>\n<td><a title=\"Still Leben \u2013 Bilder von Roman Ress\" href=\"https:\/\/www.kulturforum-mwest.de\/K\/150206-rathaus-ress\/\">Roman Ress<\/a><\/td>\n<\/tr>\n<tr>\n<td width=\"50\">60<\/td>\n<td width=\"180\">19.03. \u2013 13.05.2015<\/td>\n<td><a title=\"Farbwechsel \u2013 Ursula Steglich-Schaupp\" href=\"https:\/\/www.kulturforum-mwest.de\/K\/150319-rathaus-uss\/\">Ursel Steglich-Schaupp<\/a><\/td>\n<\/tr>\n<tr>\n<td width=\"50\">61<\/td>\n<td width=\"180\">21.05. \u2013 09.07.2015<\/td>\n<td><a title=\"Man kann es so oder so sehen\" href=\"https:\/\/www.kulturforum-mwest.de\/K\/150521-rathaus-kupka-maczky\/\">Mio Kupka<\/a><\/td>\n<\/tr>\n<tr>\n<td width=\"50\">62<\/td>\n<td width=\"180\">15.7. &#8211; 27.8.2015<\/td>\n<td><a title=\"Rathausausstellung: \u201cG\u00e4rten\u201d von D. Hadersdorfer\" href=\"https:\/\/www.kulturforum-mwest.de\/K\/150715-rathaus-gaerten\/\">Doris Hadersdorfer<\/a><\/td>\n<\/tr>\n<tr>\n<td width=\"50\">63<\/td>\n<td width=\"180\">24.9. &#8211; 12.11.2015<\/td>\n<td><a title=\"Rathausausstellung: Gemeinsame Wege\" href=\"https:\/\/www.kulturforum-mwest.de\/K\/150925-rathaus-lohmann\/\">Bernd und Jutta Lohmann<\/a><\/td>\n<\/tr>\n<tr>\n<td width=\"50\">64<\/td>\n<td width=\"180\">19.11.2015 &#8211; 14.1.2016<\/td>\n<td><a title=\"KUNST versus DESIGN\" href=\"https:\/\/www.kulturforum-mwest.de\/K\/151119-rathaus-roessler\/\">Elisabeth R\u00f6\u00dfler<\/a><\/td>\n<\/tr>\n<tr>\n<td width=\"50\">\u00a065<\/td>\n<td width=\"180\">04.02. \u2013 03.03.2016<\/td>\n<td>\u00a0Sch\u00fcler des Elsa Br\u00e4ndstr\u00f6m Gymnasiums<\/td>\n<\/tr>\n<tr>\n<td width=\"50\">\u00a066<\/td>\n<td width=\"180\">\u00a017.03. \u2013 19. 05.2016<\/td>\n<td><a href=\"https:\/\/www.kulturforum-mwest.de\/K\/160317-rathausausstellung-suess-schwend\/\">\u00a0S\u00fcss-Schwend<\/a><\/td>\n<\/tr>\n<tr>\n<td width=\"50\">\u00a067<\/td>\n<td width=\"180\">\u00a002.06. \u2013 28.07.2016<\/td>\n<td><a href=\"https:\/\/www.kulturforum-mwest.de\/K\/160602-rathausausstellung-fischer\/\">\u00a0Marta Fischer<\/a><\/td>\n<\/tr>\n<tr>\n<td width=\"50\">\u00a068<\/td>\n<td width=\"180\">\u00a024.11.2016 \u2013 Feb. 2017<\/td>\n<td>\u00a0<a href=\"https:\/\/www.kulturforum-mwest.de\/K\/rathausausstellung-sabine-levinger\/\">Sabine Levinger<\/a><\/td>\n<\/tr>\n<tr>\n<td width=\"50\">69<\/td>\n<td width=\"180\"><span class=\"\">02.02. &#8211; 16.03.2017<\/span><\/td>\n<td><a href=\"https:\/\/www.kulturforum-mwest.de\/K\/170202-rathaus-lausberg\/\"><span class=\"\">Elke Lausberg<\/span><\/a><\/td>\n<\/tr>\n<tr>\n<td width=\"50\">\u00a070<\/td>\n<td width=\"180\">\u00a0<span class=\"\">23.03. &#8211; 18.05 2017<\/span><\/td>\n<td><a href=\"https:\/\/www.kulturforum-mwest.de\/K\/170323-rathausausstellung-lachauer\/\">\u00a0<span class=\"\">Alfred Lachauer<\/span><\/a><\/td>\n<\/tr>\n<tr>\n<td width=\"50\">\u00a071<\/td>\n<td width=\"180\">\u00a028.09. &#8211; 16.11.2017<\/td>\n<td><a href=\"https:\/\/www.kulturforum-mwest.de\/K\/170928-rathausausstellung-ehlert\/\">\u00a0Inge Ehlert<\/a><\/td>\n<\/tr>\n<tr>\n<td width=\"50\">\u00a072<\/td>\n<td width=\"180\">\u00a023.11.2017 &#8211; 18.1.2018<\/td>\n<td><a href=\"https:\/\/www.kulturforum-mwest.de\/K\/171123-rathausausstellung-ott\/\">\u00a0Max Ott<\/a><\/td>\n<\/tr>\n<tr>\n<td width=\"50\">73<\/td>\n<td width=\"180\">22.03. bis 17.05.2018<\/td>\n<td><a href=\"https:\/\/www.kulturforum-mwest.de\/K\/180322-rathausausstellung-bolata-oexler\/\">Anja Bolata und Patrick \u00d6xler<\/a><\/td>\n<\/tr>\n<tr>\n<td width=\"50\">74<\/td>\n<td width=\"180\">07.06. bis 20.07.2018<\/td>\n<td><a href=\"https:\/\/www.kulturforum-mwest.de\/K\/rathausausstellung-doris-autenrieth\/\">Doris Autenrieth<\/a><\/td>\n<\/tr>\n<tr>\n<td width=\"50\">75<\/td>\n<td width=\"180\">27. 9. bis 15. 11. 2018<\/td>\n<td><a href=\"https:\/\/www.kulturforum-mwest.de\/K\/180927-rathaus-fritz-hermann\/\"> Margarethe Fritz-Herrmann<\/a><\/td>\n<\/tr>\n<tr>\n<td width=\"50\">76<\/td>\n<td width=\"180\">22.11.18 &#8211; 17.01.2019<\/td>\n<td><a href=\"https:\/\/www.kulturforum-mwest.de\/K\/181122-rathaus-gerum\/\">Reinhild Gerum<\/a><\/td>\n<\/tr>\n<tr>\n<td width=\"50\">77<\/td>\n<td width=\"180\">25.01. bis 14.03.2019<\/td>\n<td><a href=\"https:\/\/www.kulturforum-mwest.de\/K\/190124-rathaus-gallmetzer\/\">Ch. Gallmetzer und\u00a0 J. Hampe<\/a><\/td>\n<\/tr>\n<tr>\n<td width=\"50\">78<\/td>\n<td width=\"180\">21.03. bis 02.05.2019<\/td>\n<td><a href=\"https:\/\/www.kulturforum-mwest.de\/K\/190321-rathausausstellung-youjin-yi\/\">Youjin Yi<\/a><\/td>\n<\/tr>\n<tr>\n<td width=\"50\">79<\/td>\n<td width=\"180\">26.09. bis 14.11.2019<\/td>\n<td><a href=\"https:\/\/www.kulturforum-mwest.de\/K\/191026-rathaus-klee\/\">Heribert Klee<\/a><\/td>\n<\/tr>\n<tr>\n<td width=\"50\">80<\/td>\n<td width=\"180\">28.11.2019 bis 12.01.2020<\/td>\n<td><a href=\"https:\/\/www.kulturforum-mwest.de\/K\/a-matter-of-belief\/\">Bianca Artop\u00e9<\/a> Pasinger Kunstpreis<\/td>\n<\/tr>\n<tr>\n<td width=\"50\">81<\/td>\n<td width=\"180\">24.01. \u2013 12.03.2020<\/td>\n<td><a href=\"https:\/\/www.kulturforum-mwest.de\/K\/200123-rathaus-gloria-gans\/\">Gloria Gans<\/a><\/td>\n<\/tr>\n<tr>\n<td width=\"50\">82<\/td>\n<td width=\"180\">abgesagt wg. Corona<\/td>\n<td><a href=\"https:\/\/www.kulturforum-mwest.de\/K\/200319-rathaus-eckl\/\">Emanuel Eckl<\/a><\/td>\n<\/tr>\n<tr>\n<td width=\"50\">83<\/td>\n<td width=\"180\">abgesagt wg. Corona<\/td>\n<td><a href=\"https:\/\/www.kulturforum-mwest.de\/K\/200507-rathaus-seibold\/\">Rita Seibold-\u00d6ver<\/a><\/td>\n<\/tr>\n<tr>\n<td width=\"50\">84<\/td>\n<td width=\"180\">abgesagt wg. Corona<\/td>\n<td>Christine Linder<\/td>\n<\/tr>\n<tr>\n<td width=\"50\">85<\/td>\n<td width=\"180\">abgesagt wg. Corona<\/td>\n<td>Jubil\u00e4ums-Ausstellung<\/td>\n<\/tr>\n<tr>\n<td width=\"50\"><\/td>\n<td width=\"180\"><\/td>\n<td><\/td>\n<\/tr>\n<\/tbody>\n<\/table>\n","protected":false},"excerpt":{"rendered":"<p>Rathaus-Ausstellungen, die das Kulturforum M\u00fcnchen-West organisiert und gef\u00f6rdert hat &#8211; teilweise unterst\u00fctzt vom Verein Pasinger Mariens\u00e4ule. &nbsp; 01 16. 03. &#8211; 15. 04 .2004 Gabriele Huber-Thoma 02 27. 04. &#8211; 28. 05. 2004 Monika Eckl 03 27. 07. &#8211; 27. 08. 2004 Brigitte Voit 04 05. 04. &#8211; 29. 04. 2005 Monika Eckl, Pasinger Kunstpreis &hellip; <a href=\"https:\/\/kulturforum-mwest.de\/1.0\/K\/archiv-jahre\/rathaus-ausstellungen\/\" class=\"more-link\"><span class=\"screen-reader-text\">Rathaus-Ausstellungen<\/span> weiterlesen <span class=\"meta-nav\">&rarr;<\/span><\/a><\/p>\n","protected":false},"author":1,"featured_media":0,"parent":128,"menu_order":0,"comment_status":"closed","ping_status":"closed","template":"","meta":[],"_links":{"self":[{"href":"https:\/\/kulturforum-mwest.de\/1.0\/K\/wp-json\/wp\/v2\/pages\/1283"}],"collection":[{"href":"https:\/\/kulturforum-mwest.de\/1.0\/K\/wp-json\/wp\/v2\/pages"}],"about":[{"href":"https:\/\/kulturforum-mwest.de\/1.0\/K\/wp-json\/wp\/v2\/types\/page"}],"author":[{"embeddable":true,"href":"https:\/\/kulturforum-mwest.de\/1.0\/K\/wp-json\/wp\/v2\/users\/1"}],"replies":[{"embeddable":true,"href":"https:\/\/kulturforum-mwest.de\/1.0\/K\/wp-json\/wp\/v2\/comments?post=1283"}],"version-history":[{"count":20,"href":"https:\/\/kulturforum-mwest.de\/1.0\/K\/wp-json\/wp\/v2\/pages\/1283\/revisions"}],"predecessor-version":[{"id":5802,"href":"https:\/\/kulturforum-mwest.de\/1.0\/K\/wp-json\/wp\/v2\/pages\/1283\/revisions\/5802"}],"up":[{"embeddable":true,"href":"https:\/\/kulturforum-mwest.de\/1.0\/K\/wp-json\/wp\/v2\/pages\/128"}],"wp:attachment":[{"href":"https:\/\/kulturforum-mwest.de\/1.0\/K\/wp-json\/wp\/v2\/media?parent=1283"}],"curies":[{"name":"wp","href":"https:\/\/api.w.org\/{rel}","templated":true}]}}