{"id":135,"date":"2015-01-28T20:50:09","date_gmt":"2015-01-28T20:50:09","guid":{"rendered":"https:\/\/www.kulturforum-mwest.de\/K\/?page_id=135"},"modified":"2017-03-13T09:41:50","modified_gmt":"2017-03-13T09:41:50","slug":"2015-themen","status":"publish","type":"page","link":"https:\/\/kulturforum-mwest.de\/1.0\/K\/2015-themen\/","title":{"rendered":"Veranstaltungen 2015"},"content":{"rendered":"<p>Nach Themen geordnet<\/p>\n<hr \/>\n<h3>Ausstellungen im B\u00fcrgerzentrum Pasinger Rathaus:<\/h3>\n<ul>\n<li>20. 11. \u2013 15. 01. 2015 Martina Frick<\/li>\n<li>05. 02. \u2013 12. 03. 2015 Roman Ress<\/li>\n<li>19. 03. \u2013 13. 05. 2015 Steglich-Schaupp<\/li>\n<li>21. 05. \u2013 09. 07. 2015 Mio Kupka und L\u00e1szl\u00f3 Maczky<\/li>\n<li>16.07. \u2013 27.08.2015\u00a0Doris Haddersdorfer<\/li>\n<li>24.09. \u2013 12.11.2015 Bernd + Jutta Lohmann<\/li>\n<li>19.11.2015 \u2013Jan. 2016 Elisabeth R\u00f6\u00dfler<\/li>\n<\/ul>\n<h3>Kammermusik in Pasing:<\/h3>\n<ul>\n<li>11.01. Daniel Holzhauser, Bariton und Rudi Spring, Piano: Schuberts Winterreise<\/li>\n<li>1.02. Martin Rasch Piano<\/li>\n<li>01.03. Amelie B\u00f6ckheler (Violine) und Raphaela Gromes (Violoncello) auf. MVHS<\/li>\n<li>15.03. Schumann Quartettmit\u00a0 Mozart, Janacek und Glasunow<\/li>\n<li>08.04. Sonderkonzert in Schloss Nymphenburg\u00a0 mit dem <b>Henschel Quartett<\/b>: Mozart, Jens Josef (UA!) und Janacek<\/li>\n<li>10.05. Benefizkonzert in St. Leonhard, um Spenden f\u00fcr einen eventuellen neuen Fl\u00fcgel aufzubringen. Das Diogenes Quartett spielt Mozart und Schubert.<\/li>\n<li>14.06. um 19 Uhr Eberhard Knobloch, Klarinette, und Ludwig Frank, Klavier mit Boieldieu, Hindemith, Poulenc und von Mozart ein Andante cantabile. MVHS<\/li>\n<li>05.07.\u00a0 Bartholdy Quintett: Streichquintette von Brahms und Dvorak.\u00a0 Himmelfahrtskirche<\/li>\n<li><a href=\"http:\/\/kammermusik-pasing.de\/Programme2015\/151003-benefiz.html\">03.10. Benefizkonzert<\/a> f\u00fcr unseren \u201eneuen\u201c <a href=\"http:\/\/kammermusik-pasing.de\/fluegel-2.html\">B\u00f6sendorfer<\/a>-Fl\u00fcgel. <a href=\"http:\/\/kammermusik-pasing.de\/Kuenstler\/k-huber.html\">Gerold Huber<\/a> spielt Werke von Ludwig van Beethoven. Dieses Benefizkonzert ist das 100. Konzert unserer Reihe Kammermusik in Pasing.<\/li>\n<li><a href=\"http:\/\/kammermusik-pasing.de\/Programme2015\/151101-programm.html\">01.11.<\/a> <a href=\"http:\/\/kammermusik-pasing.de\/Kuenstler\/k-brunner-eduard.html\">Eduard Brunner<\/a>, Klarinette, und das <a href=\"http:\/\/kammermusik-pasing.de\/Kuenstler\/k-schumann4.html\">Schumann Quartett<\/a>. Klarinettenquintette von Carl Stamitz, Max Reger und Alexander Glasunow. Kirche St. Leonhard<\/li>\n<li><a href=\"http:\/\/www.kammermusik-pasing.de\/Programme2015\/151219-programm.html\" target=\"_blank\">19. und 20.12.<\/a>\u00a0Ram\u00f3n Ortega Quero und Hisako Kawamura Klavier mit einem Programm, das sie f\u00fcr die Carnegie-Hall in New York erarbeitet haben.<\/li>\n<\/ul>\n<h3>Lesungen:<\/h3>\n<ul>\n<li>23.04. Starke Frauen zwischen Pasing und dem Bayerischen Wald \u2013 Lesung aus Werken von bayerischen Schriftstellerinnen<\/li>\n<li>29.06. Lesung zu Otto Julius Bierbaum, der im Juni vor 140 Jahren geboren wurde.<\/li>\n<\/ul>\n<h3>Wissenschaftsreihe im Ebenb\u00f6ckhaus<\/h3>\n<ul>\n<li>12.03. spricht Prof. Wolter im Ebenb\u00f6ckhaus \u00fcber \u201eAtomphysik\u201c<\/li>\n<li>10.06. Atelierbesuch bei und Vortrag von Reinhild Gerum<\/li>\n<li>07.10. 100 Jahre internationale Frauenliga f\u00fcr Frieden und Freiheit. Vortrag und Diskussion mit Heidi Meinzolt und Brigitte Schuchart<\/li>\n<li>12.11. Prof. Dr. Dr. Margot Albus spricht \u00fcber die verschiedenen Aspekte der Depression\u00a0 und ihre Behandlungsm\u00f6glichkeiten<\/li>\n<\/ul>\n<h3>Stammtische<\/h3>\n<ul>\n<li>21.01 stellt die 1. Vorsitzende des K\u00fcnstlerkreis Gr\u00e4felfing, Bettina Kurrle, den Kunstverein vor.<\/li>\n<li>25.03. die M\u00fcnchner Tafel pr\u00e4sentiert sich. Jagdschloss<\/li>\n<li>11.05.\u00a0 zu Gast: die Ernst-von-Borries-Stiftung. Jagdschloss<\/li>\n<li>08.07. Stammtisch im Biergarten beim Alten Wirt Obermenzing<\/li>\n<li>02.09. Stammtisch im Ebenb\u00f6ckhaus: Pasinger Archiv, Herr Hasselwander<\/li>\n<li>23. 11. Stammtisch mit einer neuen\u00a0 Fl\u00fcchtlingsinitiative.<\/li>\n<\/ul>\n<h3>\u00a0Kulturfr\u00fchst\u00fcck<\/h3>\n<ul>\n<li>15.03. Stadtbibliothek Pasing. Thema Tunesien, mit Ingeborg Ott<\/li>\n<\/ul>\n<h3>Ausfl\u00fcge und F\u00fchrungen<\/h3>\n<ul>\n<li>04.02. F\u00fchrung im Showroom des Lichtk\u00fcnstlers Ingo Maurer<\/li>\n<li>05.03. Wiederholung der Ingo Maurer-F\u00fchrung<\/li>\n<li>16.05. Kunstf\u00fchrung f\u00fcr Kinder und Familien. Treffpunkt KiTa an der Sch\u00e4ferwiese. Klaus Behr und Angela Scheibe-Jaeger<\/li>\n<li>25.06. Treffpunkt Wasserwerk an der Planeggerstra\u00dfe, weiter mit dem Radl zu Architektur von Josef Lang in Pasing<\/li>\n<li>01.07. Ausstellung und Lesung des Malers, Illustrators und Autors Quint Buchholz im Kunstverein Ottobrunn.<\/li>\n<li>24.07. Spaziergang am Ostufer des Starnberger Sees. F\u00fchrung duch Frau Scriba<\/li>\n<li>13.09. Tag des Denkmals: F\u00fchrung in der Eggenfabrik<\/li>\n<li>29.09. Ausflug nach Hohenlinden und Schloss Burgrain<\/li>\n<li>17.10. F\u00fchrung in der Eggenfabrik, Wiederholung<\/li>\n<li>25.10. F\u00fchrung in der Bibliothek des Dt. Museums<\/li>\n<li>Kunstschmiede in Ebersberg, Grabkreuze<\/li>\n<\/ul>\n<h3>T\u00f6ne im Tunnel<\/h3>\n<ul>\n<li>18. September mit den Kussinen<\/li>\n<\/ul>\n<h3>Pasinger Kulturtage 2015 unter Beteiligung des Kulturforums M\u00fcnchen-West<\/h3>\n<ul>\n<li>mit einem Infostand am Samstag 9. Mai von 13 bis 18 Uhr vor dem Karlsgymnasium<\/li>\n<li>mit einer kostenlosen Brosch\u00fcre \u00fcber die \u201eWege zur Kunst\u201c im Stadtbezirk<\/li>\n<li>mit einer Radltour zu diesen Sehensw\u00fcrdigkeiten am Samstag, 9. Mai\u00a0 von 10 bis 12 Uhr<\/li>\n<li>mit einer <a title=\"Pasinger Kulturtage: Rap &amp; Tap &amp; Movie\" href=\"https:\/\/www.kulturforum-mwest.de\/K\/150509-apropo\/\">Performance der Gruppe AproPO<\/a> am Samstag, 9. Mai von 18 \u2013 19 Uhr in der Wagenhalle der Pasinger Fabrik<\/li>\n<li>\u2026 mit einem <a title=\"Pasinger Kulturtage: Diogenes Quartett\" href=\"https:\/\/www.kulturforum-mwest.de\/K\/150510-diogenes4\/\">Benefizkonzert des Diogenes-Quartetts <\/a>am Sonntag, 10. Mai um 19 Uhr in St. Leonhard<\/li>\n<\/ul>\n<h3>\u201e\u00d6ffentlicher B\u00fccherschrank in Pasing\u201c<\/h3>\n<ul>\n<li>Das Kulturforum M\u00fcnchen-West \u00fcbernimmt die Tr\u00e4gerschaft und tritt als Projektpate zusammen mit weiteren kommunalen Institutionen auf, um einen \u00f6ffentlichen B\u00fccherschrank f\u00fcr Pasing zu realisieren. Die Er\u00f6ffnung verschiebt sich bis Anfang 2016.<\/li>\n<\/ul>\n<h3>Jubil\u00e4um<\/h3>\n<ul>\n<li>Am 23. Oktober feierten wir das <a href=\"https:\/\/www.kulturforum-mwest.de\/K\/151023-jubilaeum\/\">Jubil\u00e4um<\/a> unserer Wiederbelebung vor 15 Jahren in der Bar der Pasinger Fabrik mit einem Fest, das von den gro\u00dfartigen Darbietungen des \u201ePasinger Streichquartett\u201c befeuert wurde.<\/li>\n<\/ul>\n<p>&nbsp;<\/p>\n<p>&nbsp;<\/p>\n<p>&nbsp;<\/p>\n","protected":false},"excerpt":{"rendered":"<p>Nach Themen geordnet Ausstellungen im B\u00fcrgerzentrum Pasinger Rathaus: 20. 11. \u2013 15. 01. 2015 Martina Frick 05. 02. \u2013 12. 03. 2015 Roman Ress 19. 03. \u2013 13. 05. 2015 Steglich-Schaupp 21. 05. \u2013 09. 07. 2015 Mio Kupka und L\u00e1szl\u00f3 Maczky 16.07. \u2013 27.08.2015\u00a0Doris Haddersdorfer 24.09. \u2013 12.11.2015 Bernd + Jutta Lohmann 19.11.2015 \u2013Jan. &hellip; <a href=\"https:\/\/kulturforum-mwest.de\/1.0\/K\/2015-themen\/\" class=\"more-link\"><span class=\"screen-reader-text\">Veranstaltungen 2015<\/span> weiterlesen <span class=\"meta-nav\">&rarr;<\/span><\/a><\/p>\n","protected":false},"author":1,"featured_media":0,"parent":0,"menu_order":0,"comment_status":"closed","ping_status":"closed","template":"","meta":[],"_links":{"self":[{"href":"https:\/\/kulturforum-mwest.de\/1.0\/K\/wp-json\/wp\/v2\/pages\/135"}],"collection":[{"href":"https:\/\/kulturforum-mwest.de\/1.0\/K\/wp-json\/wp\/v2\/pages"}],"about":[{"href":"https:\/\/kulturforum-mwest.de\/1.0\/K\/wp-json\/wp\/v2\/types\/page"}],"author":[{"embeddable":true,"href":"https:\/\/kulturforum-mwest.de\/1.0\/K\/wp-json\/wp\/v2\/users\/1"}],"replies":[{"embeddable":true,"href":"https:\/\/kulturforum-mwest.de\/1.0\/K\/wp-json\/wp\/v2\/comments?post=135"}],"version-history":[{"count":30,"href":"https:\/\/kulturforum-mwest.de\/1.0\/K\/wp-json\/wp\/v2\/pages\/135\/revisions"}],"predecessor-version":[{"id":2701,"href":"https:\/\/kulturforum-mwest.de\/1.0\/K\/wp-json\/wp\/v2\/pages\/135\/revisions\/2701"}],"wp:attachment":[{"href":"https:\/\/kulturforum-mwest.de\/1.0\/K\/wp-json\/wp\/v2\/media?parent=135"}],"curies":[{"name":"wp","href":"https:\/\/api.w.org\/{rel}","templated":true}]}}