{"id":143,"date":"2015-01-28T20:53:17","date_gmt":"2015-01-28T20:53:17","guid":{"rendered":"https:\/\/www.kulturforum-mwest.de\/K\/?page_id=143"},"modified":"2021-02-18T11:57:14","modified_gmt":"2021-02-18T11:57:14","slug":"mitglied-werden","status":"publish","type":"page","link":"https:\/\/kulturforum-mwest.de\/1.0\/K\/mitglied-werden\/","title":{"rendered":"Mitglied werden"},"content":{"rendered":"<ul>\n<li>Kultur vor Ort erleben,<\/li>\n<li>Interesse am Kulturleben,<\/li>\n<li>selbst mitgestalten und aktiv werden,<\/li>\n<li>an der Stadtteilgestaltung mitarbeiten,<\/li>\n<li>Gleichgesinnte kennenlernen<\/li>\n<\/ul>\n<p>&#8211; das Kulturforum M\u00fcnchen-West deckt ein breites Spektrum interessanter Aktivit\u00e4ten ab.<\/p>\n<p>Es gibt gute Gr\u00fcnde, Mitglied beim Kulturforum zu werden.<br \/>\nNehmen Sie Kontakt mit dem Vorstand auf, oder<\/p>\n<h2>laden Sie hier die <a href=\"https:\/\/www.kulturforum-mwest.de\/1.0\/K\/wp-content\/uploads\/2015\/01\/beitrittserklaerungkufo.pdf\" target=\"_blank\" rel=\"noopener noreferrer\">Beitrittserkl\u00e4rung herunter.<\/a><\/h2>\n<p>&nbsp;<\/p>\n<p>&nbsp;<\/p>\n<p>&nbsp;<\/p>\n<p>&nbsp;<\/p>\n","protected":false},"excerpt":{"rendered":"<p>Kultur vor Ort erleben, Interesse am Kulturleben, selbst mitgestalten und aktiv werden, an der Stadtteilgestaltung mitarbeiten, Gleichgesinnte kennenlernen &#8211; das Kulturforum M\u00fcnchen-West deckt ein breites Spektrum interessanter Aktivit\u00e4ten ab. Es gibt gute Gr\u00fcnde, Mitglied beim Kulturforum zu werden. Nehmen Sie Kontakt mit dem Vorstand auf, oder laden Sie hier die Beitrittserkl\u00e4rung herunter. &nbsp; &nbsp; &nbsp; &hellip; <a href=\"https:\/\/kulturforum-mwest.de\/1.0\/K\/mitglied-werden\/\" class=\"more-link\"><span class=\"screen-reader-text\">Mitglied werden<\/span> weiterlesen <span class=\"meta-nav\">&rarr;<\/span><\/a><\/p>\n","protected":false},"author":1,"featured_media":0,"parent":0,"menu_order":0,"comment_status":"closed","ping_status":"closed","template":"","meta":[],"_links":{"self":[{"href":"https:\/\/kulturforum-mwest.de\/1.0\/K\/wp-json\/wp\/v2\/pages\/143"}],"collection":[{"href":"https:\/\/kulturforum-mwest.de\/1.0\/K\/wp-json\/wp\/v2\/pages"}],"about":[{"href":"https:\/\/kulturforum-mwest.de\/1.0\/K\/wp-json\/wp\/v2\/types\/page"}],"author":[{"embeddable":true,"href":"https:\/\/kulturforum-mwest.de\/1.0\/K\/wp-json\/wp\/v2\/users\/1"}],"replies":[{"embeddable":true,"href":"https:\/\/kulturforum-mwest.de\/1.0\/K\/wp-json\/wp\/v2\/comments?post=143"}],"version-history":[{"count":7,"href":"https:\/\/kulturforum-mwest.de\/1.0\/K\/wp-json\/wp\/v2\/pages\/143\/revisions"}],"predecessor-version":[{"id":5790,"href":"https:\/\/kulturforum-mwest.de\/1.0\/K\/wp-json\/wp\/v2\/pages\/143\/revisions\/5790"}],"wp:attachment":[{"href":"https:\/\/kulturforum-mwest.de\/1.0\/K\/wp-json\/wp\/v2\/media?parent=143"}],"curies":[{"name":"wp","href":"https:\/\/api.w.org\/{rel}","templated":true}]}}