{"id":151,"date":"2015-01-28T21:02:41","date_gmt":"2015-01-28T21:02:41","guid":{"rendered":"https:\/\/www.kulturforum-mwest.de\/K\/?page_id=151"},"modified":"2019-07-15T15:11:42","modified_gmt":"2019-07-15T15:11:42","slug":"team","status":"publish","type":"page","link":"https:\/\/kulturforum-mwest.de\/1.0\/K\/team\/","title":{"rendered":"Unser Team"},"content":{"rendered":"<p>Als eingetragener Verein hat das Kulturforum M\u00fcnchen-West nat\u00fcrlich auch Strukturen: Vorstand, Beisitzer, Kassenpr\u00fcfer, wie in der Satzung bestimmt. Dar\u00fcber hinaus unentbehrliche treue Mitarbeiter, die bei der Vorbereitung und f\u00fcr die Dauer von Ausstellungen und anderen Veranstaltungen da sind.<\/p>\n<figure id=\"attachment_4727\" aria-describedby=\"caption-attachment-4727\" style=\"width: 700px\" class=\"wp-caption alignnone\"><img loading=\"lazy\" class=\"wp-image-4727 size-full\" src=\"https:\/\/www.kulturforum-mwest.de\/1.0\/K\/wp-content\/uploads\/2019\/07\/190710-Vorstand-700.jpg\" alt=\"\" width=\"700\" height=\"427\" srcset=\"https:\/\/kulturforum-mwest.de\/1.0\/K\/wp-content\/uploads\/2019\/07\/190710-Vorstand-700.jpg 700w, https:\/\/kulturforum-mwest.de\/1.0\/K\/wp-content\/uploads\/2019\/07\/190710-Vorstand-700-300x183.jpg 300w\" sizes=\"(max-width: 700px) 100vw, 700px\" \/><figcaption id=\"caption-attachment-4727\" class=\"wp-caption-text\">Der Vorstand wurde bei der Mitgliederversammlung am 31. M\u00e4rz 2019 gew\u00e4hlt. Von links: Klaus Herber (Vorstandsvorsitzender), Dr. Uli Rosenfelder (Kammermusik in Pasing), Ulrike Turner (stellvertretende Vorsitzende), Raoul Koether (Beisitzer, Presse), Dr. Monika Putsch\u00f6gl (Schriftf\u00fchrerin), Angela Scheibe-Jaeger (stellvertretende Vorsitzende), Angelika Niehage-Kaiser (Schatzmeisterin) und Peter Pich (Beisitzer, Homepage).<\/figcaption><\/figure>\n<p class=\"clear\">Kontakte zum Vorstand:<\/p>\n<table border=\"0\" cellspacing=\"5\" cellpadding=\"0\">\n<tbody>\n<tr>\n<td>Vorsitzender<\/td>\n<td>Klaus Herber<\/td>\n<td>Tel. 089 &#8211; 189 444 68<\/td>\n<\/tr>\n<tr>\n<td>Stellvertreterin<\/td>\n<td>Ulrike Turner<\/td>\n<td>Tel. 089 &#8211; 83 404 22<\/td>\n<\/tr>\n<tr>\n<td>Stellvertreterin<\/td>\n<td>Angela Scheibe-Jaeger<\/td>\n<td>Tel. 089 &#8211; 834 9347<\/td>\n<\/tr>\n<tr>\n<td>Schriftf\u00fchrerin<\/td>\n<td>Dr. Monika Putsch\u00f6gl<\/td>\n<td>Tel. 089 &#8211; 81009004<\/td>\n<\/tr>\n<tr>\n<td>Kammermusik<\/td>\n<td>Dr. Ulrich Rosenfelder<\/td>\n<td>Tel. 089 &#8211; 834 22 34<\/td>\n<\/tr>\n<tr>\n<td>Finanzen<\/td>\n<td>Angelika Niehage-Kaiser<\/td>\n<td>Tel. 089 &#8211; 83 44 326<\/td>\n<\/tr>\n<tr>\n<td>Homepage<\/td>\n<td colspan=\"2\">www.kulturforum-mwest.de<\/td>\n<\/tr>\n<tr>\n<td>E-Mail<\/td>\n<td colspan=\"2\"><a href=\"mailto:kultur@kulturforum-mwest.de\">kultur@kulturforum-mwest.de<\/a><\/td>\n<\/tr>\n<\/tbody>\n<\/table>\n<p class=\"clear\">Als Beisitzer f\u00fcr Pressearbeit bestellte der Vorstand Raoul Michael Koether, erreichbar unter <a href=\"mailto:presse@kulturforum-mwest.de\">presse@kulturforum-mwest.de<\/a>, Tel. 089-8895 2016, als Beisitzer f\u00fcr Grafik und Homepage Peter Pich, erreichbar unter <a href=\"mailto:licht@peterpich.de\">licht@peterpich.de<\/a>, mobil +49 176 32399194.<\/p>\n<p>&nbsp;<\/p>\n<p>&nbsp;<\/p>\n","protected":false},"excerpt":{"rendered":"<p>Als eingetragener Verein hat das Kulturforum M\u00fcnchen-West nat\u00fcrlich auch Strukturen: Vorstand, Beisitzer, Kassenpr\u00fcfer, wie in der Satzung bestimmt. Dar\u00fcber hinaus unentbehrliche treue Mitarbeiter, die bei der Vorbereitung und f\u00fcr die Dauer von Ausstellungen und anderen Veranstaltungen da sind. Kontakte zum Vorstand: Vorsitzender Klaus Herber Tel. 089 &#8211; 189 444 68 Stellvertreterin Ulrike Turner Tel. 089 &hellip; <a href=\"https:\/\/kulturforum-mwest.de\/1.0\/K\/team\/\" class=\"more-link\"><span class=\"screen-reader-text\">Unser Team<\/span> weiterlesen <span class=\"meta-nav\">&rarr;<\/span><\/a><\/p>\n","protected":false},"author":1,"featured_media":0,"parent":0,"menu_order":0,"comment_status":"closed","ping_status":"closed","template":"","meta":[],"_links":{"self":[{"href":"https:\/\/kulturforum-mwest.de\/1.0\/K\/wp-json\/wp\/v2\/pages\/151"}],"collection":[{"href":"https:\/\/kulturforum-mwest.de\/1.0\/K\/wp-json\/wp\/v2\/pages"}],"about":[{"href":"https:\/\/kulturforum-mwest.de\/1.0\/K\/wp-json\/wp\/v2\/types\/page"}],"author":[{"embeddable":true,"href":"https:\/\/kulturforum-mwest.de\/1.0\/K\/wp-json\/wp\/v2\/users\/1"}],"replies":[{"embeddable":true,"href":"https:\/\/kulturforum-mwest.de\/1.0\/K\/wp-json\/wp\/v2\/comments?post=151"}],"version-history":[{"count":17,"href":"https:\/\/kulturforum-mwest.de\/1.0\/K\/wp-json\/wp\/v2\/pages\/151\/revisions"}],"predecessor-version":[{"id":4729,"href":"https:\/\/kulturforum-mwest.de\/1.0\/K\/wp-json\/wp\/v2\/pages\/151\/revisions\/4729"}],"wp:attachment":[{"href":"https:\/\/kulturforum-mwest.de\/1.0\/K\/wp-json\/wp\/v2\/media?parent=151"}],"curies":[{"name":"wp","href":"https:\/\/api.w.org\/{rel}","templated":true}]}}