{"id":154,"date":"2015-01-28T21:04:56","date_gmt":"2015-01-28T21:04:56","guid":{"rendered":"https:\/\/www.kulturforum-mwest.de\/K\/?page_id=154"},"modified":"2021-03-10T18:33:40","modified_gmt":"2021-03-10T18:33:40","slug":"ueber-uns","status":"publish","type":"page","link":"https:\/\/kulturforum-mwest.de\/1.0\/K\/ueber-uns\/","title":{"rendered":"\u00dcber uns"},"content":{"rendered":"<p>Das KULTURFORUM M\u00dcNCHEN-WEST f\u00f6rdert Kreativit\u00e4t sowie Verst\u00e4ndnis f\u00fcr Kunst und gesellschaftliche Fragen und unterst\u00fctzt die Integration verschiedener Kulturen.<\/p>\n<p>Sein Ziel ist die aktive F\u00f6rderung und Pflege der K\u00fcnste, Stadtteilkultur und Stadtentwicklung im M\u00fcnchner Westen.<\/p>\n<p>Das KULTURFORUM M\u00dcNCHEN-WEST ist \u00fcberparteilich und gemeinn\u00fctzig. Die Mitglieder des Vorstands sind ehrenamtlich t\u00e4tig.<\/p>\n<p>Der Verein organisiert Ausstellungen, Konzerte, Vortr\u00e4ge, Lesungen, Diskussionen und andere Veranstaltungen.<\/p>\n<h3>Aktivit\u00e4ten<\/h3>\n<ul>\n<li>Ausstellungen und Vernissagen im Pasinger Rathaus (in Kooperation mit dem Verein Kunst und Kultur im und um das Pasinger Rathaus)<\/li>\n<li>Organisation der \u201eOffenen Ateliers Pasing \/ Obermenzing\u201c zusammen mit den beteiligten K\u00fcnstlern seit 2000<\/li>\n<li>Podiumsdiskussionen und sonstige Veranstaltungen zu stadtteil-bezogenen und gesellschaftspolitischen Themen<\/li>\n<li>Kammermusik in M\u00fcnchens kleinstem Konzertsaal, dem ehemaligen Rathaussaal von Pasing, jetzt Volkshochschule, und\u00a0in Pasinger Kirchen<\/li>\n<li>\u201eKulturfr\u00fchst\u00fccke\u201c an verschiedenen Orten mit aktuellen Themen<\/li>\n<li>\u201eT\u00f6ne im Tunnel\u201c oder \u201eT\u00f6ne im Terrain\u201c als Beitrag zur j\u00e4hrlichen Nacht der Umwelt<\/li>\n<li>Autorenlesungen<\/li>\n<li>Engagement f\u00fcr stadtplanerische Gestaltung im Bereich Pasing und Obermenzing<\/li>\n<li>Kulturausfl\u00fcge und Stadtf\u00fchrungen<\/li>\n<li>F\u00fchrungen durch Museen und private Sammlungen<\/li>\n<li>F\u00fchrungen in Pasing und Obermenzing<br \/>\nSiehe auch die Brosch\u00fcre <a href=\"https:\/\/www.kulturforum-mwest.de\/1.0\/K\/wp-content\/uploads\/2021\/03\/DuoMenzing.pdf\" target=\"_blank\" rel=\"noopener\">DUO MENZING<\/a>, hier als PDF mit 2 MB anzusehen<\/li>\n<li>Interkulturelle Veranstaltungen<\/li>\n<li>F\u00f6rderung von Kindern und Jugendlichen mit Migrationshintergrund<\/li>\n<li>Stammtisch mit Mitgliedern, Freunden und Interessierten<\/li>\n<\/ul>\n<p>Das KULTURFORM M\u00dcNCHEN-WEST e.V. arbeitet mit lokalen Einrichtungen und Vereinen zusammen.<\/p>\n<h3><a title=\"Spenden\" href=\"https:\/\/www.kulturforum-mwest.de\/K\/spenden\/\">Spenden<\/a><\/h3>\n<p>Bitte unterst\u00fctzen Sie die Arbeit und die kulturellen Projekte des Kulturforums durch Spenden. Jeder Betrag ist willkommen!<\/p>\n<h3><a href=\"https:\/\/www.kulturforum-mwest.de\/1.0\/K\/wp-content\/uploads\/2015\/01\/beitrittserklaerungkufo.pdf\" target=\"_blank\" rel=\"noopener noreferrer\">Werden Sie Mitglied!<\/a><\/h3>\n<p>&nbsp;<\/p>\n<p>&nbsp;<\/p>\n<p>&nbsp;<\/p>\n<p>&nbsp;<\/p>\n","protected":false},"excerpt":{"rendered":"<p>Das KULTURFORUM M\u00dcNCHEN-WEST f\u00f6rdert Kreativit\u00e4t sowie Verst\u00e4ndnis f\u00fcr Kunst und gesellschaftliche Fragen und unterst\u00fctzt die Integration verschiedener Kulturen. Sein Ziel ist die aktive F\u00f6rderung und Pflege der K\u00fcnste, Stadtteilkultur und Stadtentwicklung im M\u00fcnchner Westen. Das KULTURFORUM M\u00dcNCHEN-WEST ist \u00fcberparteilich und gemeinn\u00fctzig. Die Mitglieder des Vorstands sind ehrenamtlich t\u00e4tig. Der Verein organisiert Ausstellungen, Konzerte, Vortr\u00e4ge, Lesungen, &hellip; <a href=\"https:\/\/kulturforum-mwest.de\/1.0\/K\/ueber-uns\/\" class=\"more-link\"><span class=\"screen-reader-text\">\u00dcber uns<\/span> weiterlesen <span class=\"meta-nav\">&rarr;<\/span><\/a><\/p>\n","protected":false},"author":1,"featured_media":0,"parent":0,"menu_order":0,"comment_status":"closed","ping_status":"closed","template":"","meta":[],"_links":{"self":[{"href":"https:\/\/kulturforum-mwest.de\/1.0\/K\/wp-json\/wp\/v2\/pages\/154"}],"collection":[{"href":"https:\/\/kulturforum-mwest.de\/1.0\/K\/wp-json\/wp\/v2\/pages"}],"about":[{"href":"https:\/\/kulturforum-mwest.de\/1.0\/K\/wp-json\/wp\/v2\/types\/page"}],"author":[{"embeddable":true,"href":"https:\/\/kulturforum-mwest.de\/1.0\/K\/wp-json\/wp\/v2\/users\/1"}],"replies":[{"embeddable":true,"href":"https:\/\/kulturforum-mwest.de\/1.0\/K\/wp-json\/wp\/v2\/comments?post=154"}],"version-history":[{"count":16,"href":"https:\/\/kulturforum-mwest.de\/1.0\/K\/wp-json\/wp\/v2\/pages\/154\/revisions"}],"predecessor-version":[{"id":5801,"href":"https:\/\/kulturforum-mwest.de\/1.0\/K\/wp-json\/wp\/v2\/pages\/154\/revisions\/5801"}],"wp:attachment":[{"href":"https:\/\/kulturforum-mwest.de\/1.0\/K\/wp-json\/wp\/v2\/media?parent=154"}],"curies":[{"name":"wp","href":"https:\/\/api.w.org\/{rel}","templated":true}]}}