{"id":4143,"date":"2018-12-19T09:57:10","date_gmt":"2018-12-19T09:57:10","guid":{"rendered":"https:\/\/www.kulturforum-mwest.de\/K\/?page_id=4143"},"modified":"2018-12-19T10:03:30","modified_gmt":"2018-12-19T10:03:30","slug":"kultur-scout","status":"publish","type":"page","link":"https:\/\/kulturforum-mwest.de\/1.0\/K\/kultur-scout\/","title":{"rendered":"Werden Sie Kultur-Scout"},"content":{"rendered":"<h3>Aktiv Schnuppern beim <img loading=\"lazy\" class=\"size-full wp-image-2057 alignnone\" src=\"https:\/\/www.kulturforum-mwest.de\/1.0\/K\/wp-content\/uploads\/2016\/09\/logoKuFo100h.jpg\" alt=\"\" width=\"300\" height=\"75\" \/><\/h3>\n<h3 style=\"clear: both;\">Von der Idee zum Event:\u00a0\u00a0\u00a0\u00a0\u00a0 Kultur-Scout im Kulturforum M\u00fcnchen-West<\/h3>\n<p><strong><br \/>\nWir<\/strong> sind ein gemeinn\u00fctziger Verein und unser ehrenamtliches Team organisiert vielf\u00e4ltige Angebote, z. B. Lesungen, Ausstellungen, Kammermusik-Konzerte, Kultur-Stammtische, wissenschaftliche Vortr\u00e4ge, F\u00fchrungen, Ausfl \u00fcge und vieles mehr.<br \/>\nAu\u00dferdem engagieren wir uns beim Thema Stadtgestaltung und betreiben den \u00d6ff entlichen B\u00fccherschrank vor dem Pasinger Rathaus. Unser Spektrum ist sehr breit und unsere Veranstaltungen werden gut angenommen.<\/p>\n<p><strong>Sie<\/strong> suchen M\u00f6glichkeiten kulturellen Engagements, wollen selbst aktiv werden und anderen vermitteln, was Sie begeistert?<\/p>\n<p>Sie w\u00fcrden gerne f\u00fcr andere Menschen besondere kulturelle Erlebnisse erfahrbar machen, haben Gesp\u00fcr f\u00fcr interessante, auch au\u00dfergew\u00f6hnliche Kultur-Erlebnisse und finden die richtigen Pfade dazu?<\/p>\n<p>Dann kommen Sie als <strong>Kultur-Scout<\/strong> zum Kulturforum M\u00fcnchen-West.<\/p>\n<p>Als <strong>ProjektmanagerIn<\/strong> sind Sie verantwortlich f\u00fcr Idee, Recherche, Organisation und Durchf\u00fchrung Ihres Projektes.<br \/>\nSie verf\u00fcgen daf\u00fcr \u00fcber ein Veranstaltungsbudget, Sie werden durch Mitglieder des ehrenamtlichen Vorstandes eingearbeitet und unterst\u00fctzt und sind abgesichert durch eine Haftpflichtversicherung.<\/p>\n<p>Der <strong>Zeitaufwand<\/strong> liegt bei jeweils 10 bis 20 Stunden.<br \/>\nSie werden durch unvergessliche Eindr\u00fccke belohnt.<br \/>\nSie k\u00f6nnen frei die Zeiten der Ausfl\u00fcge bzw. F\u00fchrungen bestimmen.<\/p>\n<p><strong>Sie wollen bei uns nicht nur schnuppern?<\/strong><br \/>\n<strong>Wenn Ihnen die Zusammenarbeit mit uns gef\u00e4llt, <\/strong><strong>freuen wir uns auch \u00fcber ein l\u00e4ngerfristiges <\/strong><strong>freiwilliges Engagement.<\/strong><\/p>\n<p>Kontakt: Klaus Herber \u2022 Tel.: 089 18944468 oder 01709350701 \u2022 E&#8211;Mail: <a href=\"mailto:kultur@kulturforum-mwest.de\">kultur@kulturforum-mwest.de<\/a><\/p>\n<p>&nbsp;<\/p>\n<p>&nbsp;<\/p>\n","protected":false},"excerpt":{"rendered":"<p>Aktiv Schnuppern beim Von der Idee zum Event:\u00a0\u00a0\u00a0\u00a0\u00a0 Kultur-Scout im Kulturforum M\u00fcnchen-West Wir sind ein gemeinn\u00fctziger Verein und unser ehrenamtliches Team organisiert vielf\u00e4ltige Angebote, z. B. Lesungen, Ausstellungen, Kammermusik-Konzerte, Kultur-Stammtische, wissenschaftliche Vortr\u00e4ge, F\u00fchrungen, Ausfl \u00fcge und vieles mehr. Au\u00dferdem engagieren wir uns beim Thema Stadtgestaltung und betreiben den \u00d6ff entlichen B\u00fccherschrank vor dem Pasinger Rathaus. &hellip; <a href=\"https:\/\/kulturforum-mwest.de\/1.0\/K\/kultur-scout\/\" class=\"more-link\"><span class=\"screen-reader-text\">Werden Sie Kultur-Scout<\/span> weiterlesen <span class=\"meta-nav\">&rarr;<\/span><\/a><\/p>\n","protected":false},"author":1,"featured_media":0,"parent":0,"menu_order":0,"comment_status":"closed","ping_status":"closed","template":"","meta":[],"_links":{"self":[{"href":"https:\/\/kulturforum-mwest.de\/1.0\/K\/wp-json\/wp\/v2\/pages\/4143"}],"collection":[{"href":"https:\/\/kulturforum-mwest.de\/1.0\/K\/wp-json\/wp\/v2\/pages"}],"about":[{"href":"https:\/\/kulturforum-mwest.de\/1.0\/K\/wp-json\/wp\/v2\/types\/page"}],"author":[{"embeddable":true,"href":"https:\/\/kulturforum-mwest.de\/1.0\/K\/wp-json\/wp\/v2\/users\/1"}],"replies":[{"embeddable":true,"href":"https:\/\/kulturforum-mwest.de\/1.0\/K\/wp-json\/wp\/v2\/comments?post=4143"}],"version-history":[{"count":7,"href":"https:\/\/kulturforum-mwest.de\/1.0\/K\/wp-json\/wp\/v2\/pages\/4143\/revisions"}],"predecessor-version":[{"id":4150,"href":"https:\/\/kulturforum-mwest.de\/1.0\/K\/wp-json\/wp\/v2\/pages\/4143\/revisions\/4150"}],"wp:attachment":[{"href":"https:\/\/kulturforum-mwest.de\/1.0\/K\/wp-json\/wp\/v2\/media?parent=4143"}],"curies":[{"name":"wp","href":"https:\/\/api.w.org\/{rel}","templated":true}]}}