{"id":4485,"date":"2019-03-20T16:14:51","date_gmt":"2019-03-20T16:14:51","guid":{"rendered":"https:\/\/www.kulturforum-mwest.de\/K\/?page_id=4485"},"modified":"2020-03-09T19:56:00","modified_gmt":"2020-03-09T19:56:00","slug":"veranstaltungen-2019","status":"publish","type":"page","link":"https:\/\/kulturforum-mwest.de\/1.0\/K\/archiv-jahre\/veranstaltungen-2019\/","title":{"rendered":"Veranstaltungen 2019"},"content":{"rendered":"<p>nach Themen geordnet<\/p>\n<h3>Ausstellungen im B\u00fcrgerzentrum Rathaus Pasing<\/h3>\n<ul>\n<li>Vom Vorjahr bis 17.01.2019\u00a0\u00a0\u00a0\u00a0\u00a0\u00a0\u00a0\u00a0\u00a0\u00a0\u00a0\u00a0\u00a0\u00a0\u00a0\u00a0\u00a0\u00a0\u00a0\u00a0\u00a0\u00a0\u00a0\u00a0 Reinhild Gerum (Papierarbeiten)<\/li>\n<li>25.01.2019\u00a0 \u2013 14.03.2019\u00a0\u00a0\u00a0\u00a0\u00a0\u00a0\u00a0\u00a0\u00a0\u00a0\u00a0\u00a0\u00a0\u00a0\u00a0\u00a0\u00a0\u00a0\u00a0\u00a0\u00a0\u00a0\u00a0\u00a0 Christine Gallmetzer (Malerei) \/ Jette Hampe (Fotografie)<\/li>\n<li>22.03.2019\u00a0 \u2013 02.05.2019\u00a0\u00a0\u00a0\u00a0\u00a0\u00a0\u00a0\u00a0\u00a0\u00a0\u00a0\u00a0\u00a0\u00a0\u00a0\u00a0\u00a0\u00a0\u00a0\u00a0\u00a0\u00a0\u00a0\u00a0 Youjin Yi (Malerei)<\/li>\n<li>10.05.2019\u00a0 \u2013 18.07.2019\u00a0\u00a0\u00a0\u00a0\u00a0\u00a0\u00a0\u00a0\u00a0\u00a0\u00a0\u00a0\u00a0\u00a0\u00a0\u00a0\u00a0\u00a0\u00a0\u00a0\u00a0\u00a0\u00a0\u00a0 Christine Wieland (Malerei)<\/li>\n<li>27.09.2019\u00a0 \u2013 14.11.2019\u00a0\u00a0\u00a0\u00a0\u00a0\u00a0\u00a0\u00a0\u00a0\u00a0\u00a0\u00a0\u00a0\u00a0\u00a0\u00a0\u00a0\u00a0\u00a0\u00a0\u00a0\u00a0\u00a0\u00a0 Herbert Klee (Malerei)<\/li>\n<\/ul>\n<p>Die Vernissage ist jeweils am Donnerstag vor Ausstellungsbeginn.<\/p>\n<h3>Kooperations-Ausstellungen in der Unterkirche von St. Raphael<\/h3>\n<ul>\n<li>25.01.2019 \u2013 10.02.2019\u00a0\u00a0\u00a0\u00a0\u00a0\u00a0\u00a0\u00a0\u00a0\u00a0\u00a0\u00a0\u00a0\u00a0\u00a0\u00a0\u00a0\u00a0\u00a0\u00a0\u00a0\u00a0\u00a0\u00a0\u00a0 Alwin Hoefelmayer (Malerei) \/ Michael Glatzel (Skulpturen)<\/li>\n<li>15.03.2019 \u2013 31.03.2019\u00a0\u00a0\u00a0\u00a0\u00a0\u00a0\u00a0\u00a0\u00a0\u00a0\u00a0\u00a0\u00a0\u00a0\u00a0\u00a0\u00a0\u00a0\u00a0\u00a0\u00a0\u00a0\u00a0\u00a0\u00a0 Jutta K\u00f6rner (Skulpturen) \/ Iris Schilcher (Malerei)<\/li>\n<li>21.09.2019 \u2013 06.10.2019\u00a0\u00a0\u00a0\u00a0\u00a0\u00a0\u00a0\u00a0\u00a0\u00a0\u00a0\u00a0\u00a0\u00a0\u00a0\u00a0\u00a0\u00a0\u00a0\u00a0\u00a0\u00a0\u00a0\u00a0 Anni Rieck(Malerei) \/ Barbara Karin M\u00fcller (Malerei)<\/li>\n<li>15.11.2019 \u2013 01.12.2019\u00a0\u00a0\u00a0\u00a0\u00a0\u00a0\u00a0\u00a0\u00a0\u00a0\u00a0\u00a0\u00a0\u00a0\u00a0\u00a0\u00a0\u00a0\u00a0\u00a0\u00a0\u00a0\u00a0\u00a0\u00a0 forARTwomen<\/li>\n<\/ul>\n<h3>Lesungen, Vortr\u00e4ge<\/h3>\n<ul>\n<li>04.04.2019 im Ebenb\u00f6ckhaus: Raoul Koether \u201eKlimawandel \u2013 Die unbequeme Wahrheit\u201c<\/li>\n<li>11.07.2019 im Ebenb\u00f6ckhaus: Albrecht Vorherr \u201eFran\u00e7ois Cuvilli\u00e9s\u201c<\/li>\n<li>04.07.2019 im Ebenb\u00f6ckhaus: Prof. Ludwig Eiber: Archiv der M\u00fcnchner Arbeiterbewegung<\/li>\n<li>24.07.2019 im Ebenb\u00f6ckpark: Michael Skasa &#8222;Migration: Texte von der Bibel bis heute&#8220;<\/li>\n<\/ul>\n<h3>Wissenschaftsreihe<\/h3>\n<ul>\n<li>27.06.2019 im Ebenb\u00f6ckhaus: Prof. Stefan Lindl: \u201eZeit der Assymetrie. Warum nicht Trump danken lernen?\u201c<\/li>\n<li>25.10.2019 Geophysikalisches Zentrum FFB: Dr. Joachim Wassermann f\u00fchrt durch die Erdbebenwarte<\/li>\n<\/ul>\n<h3><strong>\u00a0<\/strong>F\u00fchrungen und Ausfl\u00fcge<\/h3>\n<ul>\n<li>20.01.2019 F\u00fchrung in der Alten Pinakothek &#8222;Florenz und seine Maler&#8220;<\/li>\n<li>30.04.2019 F\u00fchrung in der Pasinger Fabrik durch die Ausstellung \u201eKunst verbindet die Welt\u201c<\/li>\n<li>11.05.2019 F\u00fchrung \u00fcber den Obermenzinger Friedhof \u201eLetzte K\u00fcnstlerheimat Bergsonstra\u00dfe\u201c<\/li>\n<li>28.05.2019 F\u00fchrung in der Alten Pinakothek &#8222;Utrecht, Caravaggio und Europa. 1600-1630&#8220;<\/li>\n<li>02.06.2019 F\u00fchrung in St. Hildegard, Paosostra\u00dfe, mit Christoph Brech<\/li>\n<li>02.07.2019 F\u00fchrung im Lenbachhaus \u201eNatur als Kunst\u201c<\/li>\n<li>23.07.2019 F\u00fchrung durch die Jahresausstellung der Akademie der Bildenden K\u00fcnste<\/li>\n<li>27.07.2019 F\u00fchrung durch die Jahresausstellung der Akademie der Bildenden K\u00fcnste<\/li>\n<li>13.08.2019 F\u00fchrung in der Stuck Villa durch die Ausstellung Koloman Moser<\/li>\n<li>08.09.2020 F\u00fchrung durch die Villenkolonie II und zum Neubaugebiet an der Lipperheidestra\u00dfe<\/li>\n<li>07.11.2019 Ausflug zum Ludwig Thoma Haus in Rottach-Egern<\/li>\n<li>05.12.2019 F\u00fchrung durch die Artothek<\/li>\n<\/ul>\n<h3>Kultur-Soir\u00e9e in Zusammenarbeit mit der Stadtbibliothek Pasing<\/h3>\n<ul>\n<li>25.05.2019 Thema \u201eFinnland\u201c. Musik Duo &#8222;Zwei Qu\u00f6tchen Frau&#8220; (Tuija Komi + Vlad Cojocaru)<\/li>\n<\/ul>\n<h3>\u00a0Kultur-Stammtische<\/h3>\n<ul>\n<li>29.01.2019 Jagdschloss, Gast: Ralf Husemann, Journalist: &#8222;Die schwierige Suche nach der Wahrheit&#8220;<\/li>\n<li>20.03.2019 Hofbr\u00e4u Obermenzing, Gast: Monika Renner, Vorsitzende des Akademievereins<\/li>\n<li>9. 07.2019 alter Wirt O&#8217;menzing, Sommer-Kulturstammtisch ohne Gast<\/li>\n<li>15.10.2019 mit und im Nachbarschaftstreff Pasing, Josef-Felder-Str. 45<\/li>\n<\/ul>\n<h3>Jour Fixe<\/h3>\n<ul>\n<li>21.05.2019 um 17 Uhr ist der erste Jour Fixe des Kulturforum M\u00fcnchen-West in der Bar der Pasinger Fabrik.<\/li>\n<li>16.09.2019 Jour fixe in der Pasinger Fabrik<\/li>\n<\/ul>\n<h3>Sonstiges<\/h3>\n<ul>\n<li>27.01.2019 Namenslesung am \u201eGebeugten Leeren Stuhl\u201c vor Leiden Christi, Obermenzing<\/li>\n<li>12.03.2019 K\u00fcnstlerinnen-Gespr\u00e4ch mit Christine Gallmetzer, Jette Hampe, Dr. Jenny Mues<\/li>\n<li>31.03.2019 Mitgliederversammlung mit Neuwahlen im Ebenb\u00f6ckhaus<\/li>\n<li>02.04.2019 K\u00fcnstlergespr\u00e4ch mit der Malerin Youjin Yi im B\u00fcrgerzentrum Rathaus Pasing<\/li>\n<li>13.09.2019 \u201eT\u00f6ne im Tunnel\u201c mit Bernd Pfeil (Didgeridoo) im Hermann-Hesse-Tunnel, Lichtgestaltung: Peter Pich<\/li>\n<li>17.11.2019 Namenslesung am \u201eLeeren Stuhl\u201c vor dem Pasinger Rathaus<\/li>\n<\/ul>\n<h3>Sonder-Ausstellung<\/h3>\n<ul>\n<li><strong>100 Jahre Revolution und R\u00e4terepubliken aus der Pasinger Perspektive<br \/>\n<\/strong><em>Das Kulturforum M\u00fcnchen-West kooperiert mit dem Verein f\u00fcr zukunftsweisende Geschichte<br \/>\n<\/em>08.11.2018 bis 04.05.2019 <strong>Ausstellung<\/strong> \u201eRevolution und R\u00e4terepublik in Pasing\u201cim Foyer des Rathauses Pasing, Altbau, Ersgeschoss. Hierzu gibt es eine Begleitbrosch\u00fcre f\u00fcr \u20ac 5 sowie F\u00fchrungen durch Peter Pich<\/li>\n<\/ul>\n<h4>Begleitprogramm zur Ausstellung<em>:<br \/>\n<\/em><\/h4>\n<ul>\n<li>13.02.2019\u00a0\u00a0\u00a0\u00a0\u00a0\u00a0\u00a0 im Ebenb\u00f6ckhaus: &#8222;Revolution\u00e4rinnen von A-Z&#8220; fiktives Streitgespr\u00e4ch zwischen Anita Augspurg und Clara Zetkin<\/li>\n<li>27.03.2019\u00a0\u00a0\u00a0\u00a0\u00a0\u00a0\u00a0 in der MVHS Pasing: \u201eRevolution und R\u00e4teherrschaft in Pasing 1918\/19\u201c Vortrag von Bernhard Koch und Peter Pich. Kooperationsveranstaltung mit der MVHS<\/li>\n<li>08.04.2019\u00a0\u00a0\u00a0\u00a0\u00a0\u00a0\u00a0 im Ebenb\u00f6ckhaus: \u201eDer Abend kommt so schnell\u201c Cornelia Naumann liest aus ihrem Roman \u00fcber die vergessene Revolution\u00e4rin Sarah Sonja Lerch .<\/li>\n<li>04.05.2019\u00a0\u00a0\u00a0\u00a0\u00a0\u00a0 im\u00a0 Sitzungssaal des Pasinger Rathauses: Finissage der Ausstellung &#8222;Revolution und R\u00e4terepubliken in Pasing&#8220; mit einer literarisch-historischen Lesung von Dr. Gerd Holzheimer \u201eMit Volldampf voraus \u2013 revolution\u00e4rer Knotenpunkt Pasing\u201c und mit musikalischer Untermalung durch das Lindwurm-Kombinat, Inga D\u00e4ubner | Oboe, Claus Filser | Viola und Gitarre, Dennis Gross | Bass.<\/li>\n<\/ul>\n<h3>Konzertreihe Kammermusik in Pasing<\/h3>\n<h4>&#8211; im MVHS-Zentrum, B\u00e4ckerstra\u00dfe 14<\/h4>\n<ul>\n<li>05.01.2019 Franz Schubert \u201eWinterreise\u201c mit Andreas Burghart (Bariton), Akemi Murakami (Klavier)<\/li>\n<li>06.01.2019 Franz Schubert \u201eWinterreise\u201c mit Andreas Burghart (Bariton), Akemi Murakami (Klavier)<\/li>\n<li>19.01.2019 Sonderkonzert der MVHS im Rahmen des Semesterschwerpunkts USA: \u201eA Taste of America\u201c mit Julia Chalfin (Sopran), Maharani Chakrabarti (Klavier)<\/li>\n<li>07.04.2019 Wen-Sinn Yang (Cello), Werner B\u00e4rtschi (Klavier) spielen Bach, Franck, Killmayer, B\u00e4rtschi<\/li>\n<li>22.09.2019 Sonderkonzert der MVHS zum 200. Geburtstag von Clara Schumann: Lilian Akopova (Klavier) und Shoshana Liessmann (Moderation)<\/li>\n<\/ul>\n<h4>&#8211; in der Klavierwerkstatt Kontrapunkt, Dorfstr. 39, Obermenzing<\/h4>\n<ul>\n<li>26.01.2019 Streichersolisten der Bayerischen Staatsoper spielen Streichquintette<\/li>\n<li>24.02.2019 Jacob Spahn (Cello) + Jonathan Aner (Klavier) spielen s\u00e4mtliche Cello-Sonaten von Ludwig van Beethoven<\/li>\n<li>05.05.2019 Lux Trio spielt Klaviertrios von Haydn, Martin\u016f, Smetana<\/li>\n<li>21.07.2019 das Staatsopern Trio spielt Klaviertrios von Haydn, Ravel, Franck<\/li>\n<li>10.11.2019 das ensemble sonorizzonte spielt Klaviertrios von Eggert, Schachtner, Tschaikowsky<\/li>\n<\/ul>\n<h4>-in St. Georg, Obermenzing<\/h4>\n<ul>\n<li>19.10.2019 Konzert zum 25-j\u00e4hrigen Jubil\u00e4um des Schumann-Quartetts, M\u00fcnchen<\/li>\n<\/ul>\n<p>&nbsp;<\/p>\n<p>&nbsp;<\/p>\n<p>&nbsp;<\/p>\n<p>&nbsp;<\/p>\n<p>&nbsp;<\/p>\n","protected":false},"excerpt":{"rendered":"<p>nach Themen geordnet Ausstellungen im B\u00fcrgerzentrum Rathaus Pasing Vom Vorjahr bis 17.01.2019\u00a0\u00a0\u00a0\u00a0\u00a0\u00a0\u00a0\u00a0\u00a0\u00a0\u00a0\u00a0\u00a0\u00a0\u00a0\u00a0\u00a0\u00a0\u00a0\u00a0\u00a0\u00a0\u00a0\u00a0 Reinhild Gerum (Papierarbeiten) 25.01.2019\u00a0 \u2013 14.03.2019\u00a0\u00a0\u00a0\u00a0\u00a0\u00a0\u00a0\u00a0\u00a0\u00a0\u00a0\u00a0\u00a0\u00a0\u00a0\u00a0\u00a0\u00a0\u00a0\u00a0\u00a0\u00a0\u00a0\u00a0 Christine Gallmetzer (Malerei) \/ Jette Hampe (Fotografie) 22.03.2019\u00a0 \u2013 02.05.2019\u00a0\u00a0\u00a0\u00a0\u00a0\u00a0\u00a0\u00a0\u00a0\u00a0\u00a0\u00a0\u00a0\u00a0\u00a0\u00a0\u00a0\u00a0\u00a0\u00a0\u00a0\u00a0\u00a0\u00a0 Youjin Yi (Malerei) 10.05.2019\u00a0 \u2013 18.07.2019\u00a0\u00a0\u00a0\u00a0\u00a0\u00a0\u00a0\u00a0\u00a0\u00a0\u00a0\u00a0\u00a0\u00a0\u00a0\u00a0\u00a0\u00a0\u00a0\u00a0\u00a0\u00a0\u00a0\u00a0 Christine Wieland (Malerei) 27.09.2019\u00a0 \u2013 14.11.2019\u00a0\u00a0\u00a0\u00a0\u00a0\u00a0\u00a0\u00a0\u00a0\u00a0\u00a0\u00a0\u00a0\u00a0\u00a0\u00a0\u00a0\u00a0\u00a0\u00a0\u00a0\u00a0\u00a0\u00a0 Herbert Klee (Malerei) Die Vernissage ist jeweils am Donnerstag vor Ausstellungsbeginn. Kooperations-Ausstellungen in der Unterkirche &hellip; <a href=\"https:\/\/kulturforum-mwest.de\/1.0\/K\/archiv-jahre\/veranstaltungen-2019\/\" class=\"more-link\"><span class=\"screen-reader-text\">Veranstaltungen 2019<\/span> weiterlesen <span class=\"meta-nav\">&rarr;<\/span><\/a><\/p>\n","protected":false},"author":1,"featured_media":0,"parent":128,"menu_order":0,"comment_status":"closed","ping_status":"closed","template":"","meta":[],"_links":{"self":[{"href":"https:\/\/kulturforum-mwest.de\/1.0\/K\/wp-json\/wp\/v2\/pages\/4485"}],"collection":[{"href":"https:\/\/kulturforum-mwest.de\/1.0\/K\/wp-json\/wp\/v2\/pages"}],"about":[{"href":"https:\/\/kulturforum-mwest.de\/1.0\/K\/wp-json\/wp\/v2\/types\/page"}],"author":[{"embeddable":true,"href":"https:\/\/kulturforum-mwest.de\/1.0\/K\/wp-json\/wp\/v2\/users\/1"}],"replies":[{"embeddable":true,"href":"https:\/\/kulturforum-mwest.de\/1.0\/K\/wp-json\/wp\/v2\/comments?post=4485"}],"version-history":[{"count":15,"href":"https:\/\/kulturforum-mwest.de\/1.0\/K\/wp-json\/wp\/v2\/pages\/4485\/revisions"}],"predecessor-version":[{"id":5314,"href":"https:\/\/kulturforum-mwest.de\/1.0\/K\/wp-json\/wp\/v2\/pages\/4485\/revisions\/5314"}],"up":[{"embeddable":true,"href":"https:\/\/kulturforum-mwest.de\/1.0\/K\/wp-json\/wp\/v2\/pages\/128"}],"wp:attachment":[{"href":"https:\/\/kulturforum-mwest.de\/1.0\/K\/wp-json\/wp\/v2\/media?parent=4485"}],"curies":[{"name":"wp","href":"https:\/\/api.w.org\/{rel}","templated":true}]}}