{"id":5804,"date":"2021-03-11T11:48:13","date_gmt":"2021-03-11T11:48:13","guid":{"rendered":"https:\/\/www.kulturforum-mwest.de\/K\/?page_id=5804"},"modified":"2021-05-04T09:08:56","modified_gmt":"2021-05-04T09:08:56","slug":"publikationen","status":"publish","type":"page","link":"https:\/\/kulturforum-mwest.de\/1.0\/K\/publikationen\/","title":{"rendered":"Publikationen des Kulturforum M\u00fcnchen-West"},"content":{"rendered":"<p>Hier finden Sie Publikationen, an denen das Kulturforum M\u00fcnchen-West beteiligt ist. Sie sind teilweise komplett als PDF-Datei zu sehen, manche wegen der Dateigr\u00f6\u00dfe in Ausz\u00fcgen<\/p>\n<ul>\n<li>Zum 20-j\u00e4hrigen Jubil\u00e4um des Kulturforum M\u00fcnchen-West e.V. aktualisiert Angela Scheibe-Jaeger ihre Brosch\u00fcre<br \/>\n<a href=\"https:\/\/www.kulturforum-mwest.de\/1.0\/K\/wp-content\/uploads\/2021\/03\/asj-kunstwerke-ba21.pdf\" target=\"_blank\" rel=\"noopener\"><strong>Kunstwerke der letzten 100 Jahre in Pasing und Obermenzing<\/strong><\/a> (PDF mit ca 2 MB)<\/li>\n<li>zum 100. Jahrestag der Revolution in Bayern erscheint ein Begleitbuch zur Ausstellung im Rathaus Pasing<br \/>\n<a href=\"https:\/\/www.kulturforum-mwest.de\/1.0\/K\/wp-content\/uploads\/2021\/03\/revolution-web-reduz.pdf\" target=\"_blank\" rel=\"noopener\"><strong>Revolution in Pasing 1918 &#8211; 1919<\/strong><\/a> (PDF mit ca 7 MB)<\/li>\n<li>Zum Jubil\u00e4um 1200 Jahre Menzing 1917 verfasst Angela Scheibe-Jaeger eine Brosch\u00fcre<br \/>\n<a href=\"https:\/\/www.kulturforum-mwest.de\/1.0\/K\/wp-content\/uploads\/2021\/03\/DuoMenzing.pdf\" target=\"_blank\" rel=\"noopener\"><strong>DUO MENZING<\/strong><\/a> (PDF mit ca 2 MB)<\/li>\n<\/ul>\n","protected":false},"excerpt":{"rendered":"<p>Hier finden Sie Publikationen, an denen das Kulturforum M\u00fcnchen-West beteiligt ist. Sie sind teilweise komplett als PDF-Datei zu sehen, manche wegen der Dateigr\u00f6\u00dfe in Ausz\u00fcgen Zum 20-j\u00e4hrigen Jubil\u00e4um des Kulturforum M\u00fcnchen-West e.V. aktualisiert Angela Scheibe-Jaeger ihre Brosch\u00fcre Kunstwerke der letzten 100 Jahre in Pasing und Obermenzing (PDF mit ca 2 MB) zum 100. Jahrestag der &hellip; <a href=\"https:\/\/kulturforum-mwest.de\/1.0\/K\/publikationen\/\" class=\"more-link\"><span class=\"screen-reader-text\">Publikationen des Kulturforum M\u00fcnchen-West<\/span> weiterlesen <span class=\"meta-nav\">&rarr;<\/span><\/a><\/p>\n","protected":false},"author":1,"featured_media":0,"parent":0,"menu_order":0,"comment_status":"closed","ping_status":"closed","template":"","meta":[],"_links":{"self":[{"href":"https:\/\/kulturforum-mwest.de\/1.0\/K\/wp-json\/wp\/v2\/pages\/5804"}],"collection":[{"href":"https:\/\/kulturforum-mwest.de\/1.0\/K\/wp-json\/wp\/v2\/pages"}],"about":[{"href":"https:\/\/kulturforum-mwest.de\/1.0\/K\/wp-json\/wp\/v2\/types\/page"}],"author":[{"embeddable":true,"href":"https:\/\/kulturforum-mwest.de\/1.0\/K\/wp-json\/wp\/v2\/users\/1"}],"replies":[{"embeddable":true,"href":"https:\/\/kulturforum-mwest.de\/1.0\/K\/wp-json\/wp\/v2\/comments?post=5804"}],"version-history":[{"count":7,"href":"https:\/\/kulturforum-mwest.de\/1.0\/K\/wp-json\/wp\/v2\/pages\/5804\/revisions"}],"predecessor-version":[{"id":5857,"href":"https:\/\/kulturforum-mwest.de\/1.0\/K\/wp-json\/wp\/v2\/pages\/5804\/revisions\/5857"}],"wp:attachment":[{"href":"https:\/\/kulturforum-mwest.de\/1.0\/K\/wp-json\/wp\/v2\/media?parent=5804"}],"curies":[{"name":"wp","href":"https:\/\/api.w.org\/{rel}","templated":true}]}}